{"id":9,"date":"2015-10-09T12:38:08","date_gmt":"2015-10-09T12:38:08","guid":{"rendered":"http:\/\/kratomherbal.com\/de\/?page_id=9"},"modified":"2015-11-29T12:27:59","modified_gmt":"2015-11-29T11:27:59","slug":"kratomsorten","status":"publish","type":"page","link":"https:\/\/kratomherbal.com\/de\/kratomsorten\/","title":{"rendered":"Kratomsorten und ihre verschiedenen Farben, Rot, Wei\u00df oder Gr\u00fcn?"},"content":{"rendered":"<p><a href=\"https:\/\/www.kratomgardens.com\/de\/kratom\">Kratomarten werden generell in drei verschiedene Farben eingeteilt.<\/a> Rotadrig, Wei\u00dfadrig und Gr\u00fcnadrig. Diese Einteilung ist abh\u00e4ngig von der Farbe des Stammes und den Adern des Blattes. Falls Sie ein Kratomblatt n\u00e4her betrachten, werden Sie sehen, dass der Stamm und die Adern eine bestimmte Farbe haben. Diese Farbe bestimmt den Effekt, den das Kratomblatt auf den Geist und K\u00f6rper hat. Eine andere Farbe bedeutet einen anderen Effekt und eine andere chemische Komposition. Der Stamm und die Adern werden w\u00e4hrend des Zermahlungsverfahrens entfernt. Aus diesem Grund ist es nur das Blatt, das verwendet wird, ohne den Stamm und die Adern.<\/p>\n<p>Verschiedene Kratomarten entfalten ihr Bestes in verschiedenen Zust\u00e4nden und enthalten eine Vielzahl an Alkaloiden, die alle ihre eigenen Effekte haben. Rotadrige Kratomsorten sind passend f\u00fcr gewisse Zwecke, w\u00e4hrend gr\u00fcne und wei\u00dfe Kratomsorten f\u00fcr andere Zeiten angemessener sind.<\/p>\n<h2>Rotadriges Kratom<\/h2>\n<p>Rotadrige Kratombl\u00e4tter haben einen rotfarbigen Stamm und Adern. Rotes Kratom verkauft sich bei weitem am besten und ist die Kratomsorte, die auf dem Markt am weitesten verbreitet ist. Das rotadrige Kratom wird mehr verkauft als das gr\u00fcnadrige und wei\u00dfadrige zusammen. Die rotadrige Kratomplanze w\u00e4chst reichlich in S\u00fcdostasien und ist ein wenig widerstandf\u00e4higer als andere Mitragyna-Speciosa-B\u00e4ume. Einige Studien behaupten, dass die Substanzen, die die rote Farbe erzeugen, auch sicherstellen, dass die Pflanze weniger \u00e4u\u00dferen Faktoren ausgesetzt wird.<\/p>\n<p>Rotadrige Bl\u00e4tter von einer vertrauensw\u00fcrdigen Quelle sind gro\u00dfartig f\u00fcr Anf\u00e4nger, weil das Kratom angenehme, beruhigende Effekte erzeugt. Es gibt dem Geist Frieden und Ihnen ein Gef\u00fchl des Wohlbefindens und Optimismus. Zus\u00e4tzlich eignet sich das rote Kratom als Schlafhilfe f\u00fcr Menschen mit Schlaflosigkeit. Auf physischer Ebene ist das rotadrige Kratom bekannt daf\u00fcr, den K\u00f6rper zu entspannen und Schmerzen zu lindern. Es entspannt die Muskeln und kann als eine Erg\u00e4nzung oder als Ersatz von pharmazeutischen Schmerzmitteln eingenommen werden. Die st\u00e4rksten rotadrigen Kratomextrakte werden verwendet, um Entzugserscheinungen von Opiumabh\u00e4ngigen vorzubeugen. <\/p>\n<p>Unter den rotadrigen Kratomen gibt es beachtliche Unterschiede in den Effekten und Eigenschaften. Einige Sorten wie das Red Thai oder das Red Vein Borneo haben einen beruhigenden Effekt, w\u00e4hrend andere wie das Red Sumatra oder das Red Riau eine freudige Laune hervorrufen. Bei anderen Kratomarten h\u00e4ngt der Effekt von der Dosis ab. Das rotadrige Kratom erzeugt bei kleinen Dosierungen eine stimulierenden Effekt, aber im ganzen werden die rotadrigen Sorten verwendet, um Frieden und Beruhigung zu schaffen.<\/p>\n<p>Einige beliebte Marken in dieser Kategorie umfassen: <a href=\"https:\/\/www.kratomgardens.com\/de\/pontianak-red-horn\" target=\"_blank\">Kratom Pontianak Red Horn<\/a>, Red Thai, Borneo Red und Red Vein Sumatra.<\/p>\n<h2>Wei\u00dfadriges Kratom<\/h2>\n<p>Das wei\u00dfadrige Kratom ist ein stimulierender und positiver Launen-Aufheller. Der Effekt jeder Sorte h\u00e4ngt nat\u00fcrlich von vielen Faktoren wie der Qualit\u00e4t des Produkts, des Lebensstils und des Toleranzlevels jedes Individuums ab. Nichtsdestotrotz tendieren wei\u00dfadrige Kratome stimulierender und euphorischer als die anderen Kratomsorten zu sein. Das wei\u00dfe Kratom wird mehr und mehr anstatt Kaffee (Koffein) eingenommen, um aufmerksam, konzentriert und heiter zu sein. Viele nehmen das wei\u00dfe Kratom f\u00fcr eine gesteigerte Konzentrationsf\u00e4higkeit, Motivation und Ausdauer f\u00fcr lange Arbeitstage ein.<\/p>\n<p>F\u00fcr diejenigen, die d\u00fcstere Perioden erleben oder sich bei Zeiten sehr ausgelaugt f\u00fchlen, erzielen Sie die besten Ergebnisse mit dieser Kratomart. Es wird empfohlen, es nicht zu sp\u00e4t am Tag einzunehmen, da es zu unruhigem Schlaf f\u00fchren kann. Es ist eine gew\u00f6hnliche Praktik, das wei\u00dfadrige Pulver mit rotadrigen Sorten zu mischen, um einen balancierten Energieschub zu erreichen.<\/p>\n<p>Einige beliebte Kratommarken in dieser Kategorien umfassen: Pontianak White Horn, White Vein Sumatra und das <a href=\"https:\/\/www.kratomgardens.com\/de\/borneo-white\" target=\"_blank\">Kratom Borneo White<\/a><\/p>\n<h2>Gr\u00fcnadriges Kratom<\/h2>\n<p>Das gr\u00fcnadrige Kratom kann am besten beschrieben werden als eine Sorte, die irgendwo zwischen den roten und wei\u00dfen Kratomsorten liegt. Es ist ein milder Energie-Booster, der einen aufmuntern kann.<\/p>\n<p>Menschen, die damit herumexperimentiert haben, berichten, dass es hilft, die Aufmerksamkeit und den Fokus zu verbessern und in den \u201eFlow\u201c zu kommen. Die gr\u00fcnadrigen Sorten sind subtiler als die roten und wei\u00dfen. Im allgemeinen k\u00f6nnen sie n\u00fctzlich bei der Behandlung von Schmerzen und anderen Unannehmlichkeiten sein, insbesondere da die gr\u00fcne Sorte nicht zu Schl\u00e4frigkeit f\u00fchrt, wie es oft bei schmerzstillenden Erg\u00e4nzungen der Fall ist.<br \/>\nDas gr\u00fcnadrige Krom kann mit roten oder wei\u00dfen Kratomsorten vermischt werden, um  einen runderen Geschmack mit einem ausgereifteren Effekt zu haben. Wenn es angemessen vermischt wird, beugt es der enormen Bet\u00e4ubung der roten und der \u00dcberstimulierung der wei\u00dfen Sorten vor.<br \/>\nAuf Grund der balancierten Funktionsweise wird das gr\u00fcnadrige Kratom oft gegen soziale \u00c4ngste verwendet. Sie werden weniger Angst haben und die Wahrnehmung der Wichtigkeit der Eindr\u00fccke und Meinungen von anderen Menschen wird herabgesetzt. Aus diesem Grund ist das gr\u00fcne Kratom sehr beliebt bei Freizeitaktivit\u00e4ten, wie z.B. einer Ausgehnacht in der Stadt. Das gr\u00fcnadrige Kratom macht Sie kommunikativer, freundlich und heiter. Sie werden mehr dazu tendieren, mit anderen Leuten zu interagieren, w\u00e4hrend Sie sich in Ihrer Haut wohlf\u00fchlen.<\/p>\n<p>Beliebte Marken in dieser Kategorie umfassen: <a href=\"https:\/\/www.kratomgardens.com\/de\/malaysian-green\" target=\"_blank\">Kratom Malaysian Green<\/a>  und das Green Riau<\/p>\n<h2>Rotes, wei\u00dfes oder gr\u00fcnes Kratom?<\/h2>\n<p>Welche Art von Kratom am meisten f\u00fcr Sie geeignet ist, h\u00e4ngt ab von Ihren pers\u00f6nlichen Vorlieben und der Situation, in der Sie sich befinden. Bei Kratom kann das sehr kompliziert sein, weil die Effekte innerhalb derselben Farbsorte variieren. Es h\u00e4ngt von der Menge, dem Ort, dem Klima, den Erntemethoden ab etc. Nicht alle rotadrigen Kratome liefern dieselben Ergebnisse und das trifft auch auf die wei\u00dfen und gr\u00fcnen Kratome zu.<\/p>\n<p>Die Eigenschaften die in diesem Artikel beschrieben werden, k\u00f6nnen am besten als generelle Leitf\u00e4den f\u00fcr jede Kratomsorte und Farbe gelten. Ein gro\u00dfartiger Weg, um festzustellen, welche Kratomsorte die beste f\u00fcr Sie ist, ist eine Kratom-Probepackung zu bestellen. Die Probepackung enth\u00e4lt Kratompulver von allen verschiedenen Sorten, die wir bei Kratomgardens anbieten. Indem Sie eine Kratom-Probepackung bestellen, k\u00f6nnen Sie selbst herausfinden, welche Art von Sorte am besten Ihren Anforderungen entspricht. <\/p>\n","protected":false},"excerpt":{"rendered":"<p>Kratomarten werden generell in drei verschiedene Farben eingeteilt. Rotadrig, Wei\u00dfadrig und Gr\u00fcnadrig. Diese Einteilung ist abh\u00e4ngig von der Farbe des Stammes und den Adern des Blattes. Falls Sie ein Kratomblatt n\u00e4her betrachten, werden Sie sehen, dass der Stamm und die Adern eine bestimmte Farbe haben. Diese Farbe bestimmt den Effekt, den das Kratomblatt auf den [&hellip;]<\/p>\n","protected":false},"author":1,"featured_media":0,"parent":0,"menu_order":0,"comment_status":"closed","ping_status":"closed","template":"","meta":{"_monsterinsights_skip_tracking":false,"_monsterinsights_sitenote_active":false,"_monsterinsights_sitenote_note":"","_monsterinsights_sitenote_category":0,"_genesis_hide_title":false,"_genesis_hide_breadcrumbs":false,"_genesis_hide_singular_image":false,"_genesis_hide_footer_widgets":false,"_genesis_custom_body_class":"","_genesis_custom_post_class":"","_genesis_layout":"","footnotes":""},"class_list":{"0":"post-9","1":"page","2":"type-page","3":"status-publish","5":"entry"},"yoast_head":"<!-- This site is optimized with the Yoast SEO plugin v27.6 - https:\/\/yoast.com\/product\/yoast-seo-wordpress\/ -->\n<title>Kratomsorten und ihre verschiedenen Farben, Rot, Wei\u00df oder Gr\u00fcn? - Kratomherbal.com\/de<\/title>\n<meta name=\"robots\" content=\"index, follow, max-snippet:-1, max-image-preview:large, max-video-preview:-1\" \/>\n<link rel=\"canonical\" href=\"https:\/\/kratomherbal.com\/de\/kratomsorten\/\" \/>\n<meta property=\"og:locale\" content=\"en_US\" \/>\n<meta property=\"og:type\" content=\"article\" \/>\n<meta property=\"og:title\" content=\"Kratomsorten und ihre verschiedenen Farben, Rot, Wei\u00df oder Gr\u00fcn? - Kratomherbal.com\/de\" \/>\n<meta property=\"og:description\" content=\"Kratomarten werden generell in drei verschiedene Farben eingeteilt. Rotadrig, Wei\u00dfadrig und Gr\u00fcnadrig. Diese Einteilung ist abh\u00e4ngig von der Farbe des Stammes und den Adern des Blattes. Falls Sie ein Kratomblatt n\u00e4her betrachten, werden Sie sehen, dass der Stamm und die Adern eine bestimmte Farbe haben. Diese Farbe bestimmt den Effekt, den das Kratomblatt auf den [&hellip;]\" \/>\n<meta property=\"og:url\" content=\"https:\/\/kratomherbal.com\/de\/kratomsorten\/\" \/>\n<meta property=\"og:site_name\" content=\"Kratomherbal.com\/de\" \/>\n<meta property=\"article:modified_time\" content=\"2015-11-29T11:27:59+00:00\" \/>\n<meta name=\"twitter:card\" content=\"summary_large_image\" \/>\n<meta name=\"twitter:label1\" content=\"Est. reading time\" \/>\n\t<meta name=\"twitter:data1\" content=\"5 minutes\" \/>\n<script type=\"application\/ld+json\" class=\"yoast-schema-graph\">{\"@context\":\"https:\\\/\\\/schema.org\",\"@graph\":[{\"@type\":\"WebPage\",\"@id\":\"https:\\\/\\\/kratomherbal.com\\\/de\\\/kratomsorten\\\/\",\"url\":\"https:\\\/\\\/kratomherbal.com\\\/de\\\/kratomsorten\\\/\",\"name\":\"Kratomsorten und ihre verschiedenen Farben, Rot, Wei\u00df oder Gr\u00fcn? - Kratomherbal.com\\\/de\",\"isPartOf\":{\"@id\":\"https:\\\/\\\/kratomherbal.com\\\/de\\\/#website\"},\"datePublished\":\"2015-10-09T12:38:08+00:00\",\"dateModified\":\"2015-11-29T11:27:59+00:00\",\"breadcrumb\":{\"@id\":\"https:\\\/\\\/kratomherbal.com\\\/de\\\/kratomsorten\\\/#breadcrumb\"},\"inLanguage\":\"en-US\",\"potentialAction\":[{\"@type\":\"ReadAction\",\"target\":[\"https:\\\/\\\/kratomherbal.com\\\/de\\\/kratomsorten\\\/\"]}]},{\"@type\":\"BreadcrumbList\",\"@id\":\"https:\\\/\\\/kratomherbal.com\\\/de\\\/kratomsorten\\\/#breadcrumb\",\"itemListElement\":[{\"@type\":\"ListItem\",\"position\":1,\"name\":\"Home\",\"item\":\"https:\\\/\\\/kratomherbal.com\\\/de\\\/\"},{\"@type\":\"ListItem\",\"position\":2,\"name\":\"Kratomsorten und ihre verschiedenen Farben, Rot, Wei\u00df oder Gr\u00fcn?\"}]},{\"@type\":\"WebSite\",\"@id\":\"https:\\\/\\\/kratomherbal.com\\\/de\\\/#website\",\"url\":\"https:\\\/\\\/kratomherbal.com\\\/de\\\/\",\"name\":\"Kratomherbal.com\\\/de\",\"description\":\"Kratom Mitragyna Speciosa\",\"potentialAction\":[{\"@type\":\"SearchAction\",\"target\":{\"@type\":\"EntryPoint\",\"urlTemplate\":\"https:\\\/\\\/kratomherbal.com\\\/de\\\/?s={search_term_string}\"},\"query-input\":{\"@type\":\"PropertyValueSpecification\",\"valueRequired\":true,\"valueName\":\"search_term_string\"}}],\"inLanguage\":\"en-US\"}]}<\/script>\n<!-- \/ Yoast SEO plugin. -->","yoast_head_json":{"title":"Kratomsorten und ihre verschiedenen Farben, Rot, Wei\u00df oder Gr\u00fcn? - Kratomherbal.com\/de","robots":{"index":"index","follow":"follow","max-snippet":"max-snippet:-1","max-image-preview":"max-image-preview:large","max-video-preview":"max-video-preview:-1"},"canonical":"https:\/\/kratomherbal.com\/de\/kratomsorten\/","og_locale":"en_US","og_type":"article","og_title":"Kratomsorten und ihre verschiedenen Farben, Rot, Wei\u00df oder Gr\u00fcn? - Kratomherbal.com\/de","og_description":"Kratomarten werden generell in drei verschiedene Farben eingeteilt. Rotadrig, Wei\u00dfadrig und Gr\u00fcnadrig. Diese Einteilung ist abh\u00e4ngig von der Farbe des Stammes und den Adern des Blattes. Falls Sie ein Kratomblatt n\u00e4her betrachten, werden Sie sehen, dass der Stamm und die Adern eine bestimmte Farbe haben. Diese Farbe bestimmt den Effekt, den das Kratomblatt auf den [&hellip;]","og_url":"https:\/\/kratomherbal.com\/de\/kratomsorten\/","og_site_name":"Kratomherbal.com\/de","article_modified_time":"2015-11-29T11:27:59+00:00","twitter_card":"summary_large_image","twitter_misc":{"Est. reading time":"5 minutes"},"schema":{"@context":"https:\/\/schema.org","@graph":[{"@type":"WebPage","@id":"https:\/\/kratomherbal.com\/de\/kratomsorten\/","url":"https:\/\/kratomherbal.com\/de\/kratomsorten\/","name":"Kratomsorten und ihre verschiedenen Farben, Rot, Wei\u00df oder Gr\u00fcn? - Kratomherbal.com\/de","isPartOf":{"@id":"https:\/\/kratomherbal.com\/de\/#website"},"datePublished":"2015-10-09T12:38:08+00:00","dateModified":"2015-11-29T11:27:59+00:00","breadcrumb":{"@id":"https:\/\/kratomherbal.com\/de\/kratomsorten\/#breadcrumb"},"inLanguage":"en-US","potentialAction":[{"@type":"ReadAction","target":["https:\/\/kratomherbal.com\/de\/kratomsorten\/"]}]},{"@type":"BreadcrumbList","@id":"https:\/\/kratomherbal.com\/de\/kratomsorten\/#breadcrumb","itemListElement":[{"@type":"ListItem","position":1,"name":"Home","item":"https:\/\/kratomherbal.com\/de\/"},{"@type":"ListItem","position":2,"name":"Kratomsorten und ihre verschiedenen Farben, Rot, Wei\u00df oder Gr\u00fcn?"}]},{"@type":"WebSite","@id":"https:\/\/kratomherbal.com\/de\/#website","url":"https:\/\/kratomherbal.com\/de\/","name":"Kratomherbal.com\/de","description":"Kratom Mitragyna Speciosa","potentialAction":[{"@type":"SearchAction","target":{"@type":"EntryPoint","urlTemplate":"https:\/\/kratomherbal.com\/de\/?s={search_term_string}"},"query-input":{"@type":"PropertyValueSpecification","valueRequired":true,"valueName":"search_term_string"}}],"inLanguage":"en-US"}]}},"_links":{"self":[{"href":"https:\/\/kratomherbal.com\/de\/wp-json\/wp\/v2\/pages\/9","targetHints":{"allow":["GET"]}}],"collection":[{"href":"https:\/\/kratomherbal.com\/de\/wp-json\/wp\/v2\/pages"}],"about":[{"href":"https:\/\/kratomherbal.com\/de\/wp-json\/wp\/v2\/types\/page"}],"author":[{"embeddable":true,"href":"https:\/\/kratomherbal.com\/de\/wp-json\/wp\/v2\/users\/1"}],"replies":[{"embeddable":true,"href":"https:\/\/kratomherbal.com\/de\/wp-json\/wp\/v2\/comments?post=9"}],"version-history":[{"count":1,"href":"https:\/\/kratomherbal.com\/de\/wp-json\/wp\/v2\/pages\/9\/revisions"}],"predecessor-version":[{"id":51,"href":"https:\/\/kratomherbal.com\/de\/wp-json\/wp\/v2\/pages\/9\/revisions\/51"}],"wp:attachment":[{"href":"https:\/\/kratomherbal.com\/de\/wp-json\/wp\/v2\/media?parent=9"}],"curies":[{"name":"wp","href":"https:\/\/api.w.org\/{rel}","templated":true}]}}