{"id":7,"date":"2015-10-09T12:32:54","date_gmt":"2015-10-09T12:32:54","guid":{"rendered":"http:\/\/kratomherbal.com\/de\/?page_id=7"},"modified":"2015-10-09T14:15:25","modified_gmt":"2015-10-09T14:15:25","slug":"kratom-effekte","status":"publish","type":"page","link":"https:\/\/kratomherbal.com\/de\/kratom-effekte\/","title":{"rendered":"Kratom Effekte"},"content":{"rendered":"<p>Kratom ist eine einzigartige und besondere Pflanze, da sie in geringer Dosierung genommen (unter 5 Gramm) einen stimulierenden Effekt hat, w\u00e4hrend eine hohe Dosis (5-15 Gramm) dazu f\u00fchrt, dass K\u00f6rper und Geist beruhigt werden. Das l\u00e4sst sich durch die mehr als 20 unterschiedlichen Alkaloide in den Bl\u00e4ttern erkl\u00e4ren. <\/p>\n<p>Es gibt dutzende von <a href=\"https:\/\/kratomgardens.com\/de\">verschiedenen Kratomarten in verschiedenen Farben<\/a>, die an zahlreichen Pl\u00e4tzen wachsen. Welchen Effekt sie bewirken, h\u00e4ngt von der Dosis ab und von individuellen Unterschieden zwischen den Personen.<\/p>\n<p>Die ersten Effekte sind nach 15 Minuten bemerkbar und k\u00f6nnen bis zu 5 oder 6 Stunden andauern. Abh\u00e4ngig von der Qualit\u00e4t und der Dosis kann Kratom ein gr\u00f6\u00dferes oder geringeres Ausma\u00df der folgenden Effekte auf Geist und K\u00f6rper haben.<\/p>\n<h2>Stimulierender Effekt<\/h2>\n<p>Den meisten Anwendern zufolge produziert Kratom, das in geringen Mengen eingenommen wird, Effekte, die mit einer extragro\u00dfen Tasse von Kaffee zu vergleichen sind. Dieser stimulierende Effekt f\u00fchrt zu einer hohen Wachsamkeit und Konzentration, verbunden mit einem leicht euphorischen Zustand. Dieser Effekt kann eine Zeitspanne von einer bis sechs Stunden umfassen.<\/p>\n<h2>Euphorischer Effekt<\/h2>\n<p>Die meisten Menschen, die Kratom einnehmen, erleben einen verbesserten Geisteszustand. Die Laune hebt sich und sie f\u00fchlen sich wohler in ihrer eigenen Haut. Dieses euphorische Gef\u00fchl steigt mit jeder Art an Kratomkonsum. Alle Varianten von Kratom sind bekannt daf\u00fcr, euphorische Eigenschaften zu beinhalten.<\/p>\n<h2>Schmerzstillende Effekte<\/h2>\n<p>Einige Kratomanwender geben an, dass Kratom einen schmerzlindernden Effekt hat. Jede schmerzstillende Erfahrung sowie seine Effektivit\u00e4t h\u00e4ngen und variieren vom jeweiligen Individuum. Nichtsdestotrotz haben viele Menschen, die mit Kratom herumexperimentiert haben, eine andauernde Erleichterung von kleinen Unannehmlichkeiten wie Kopfschmerzen, Arthritis und in mnachen F\u00e4llen sogar chronischen Schmerzen.<\/p>\n<h2>Beruhigender Effekt<\/h2>\n<p>Kratomanwender geben an, dass Kratom, welches in einer h\u00f6heren Dosis eingenommen wird, einen entspannenden und beruhigenden Effekt ausl\u00f6st. Die schmerzstillenden Effekte sind immer noch sp\u00fcrbar, aber mit einem verst\u00e4rkt beruhigenden Effekt.<\/p>\n","protected":false},"excerpt":{"rendered":"<p>Kratom ist eine einzigartige und besondere Pflanze, da sie in geringer Dosierung genommen (unter 5 Gramm) einen stimulierenden Effekt hat, w\u00e4hrend eine hohe Dosis (5-15 Gramm) dazu f\u00fchrt, dass K\u00f6rper und Geist beruhigt werden. Das l\u00e4sst sich durch die mehr als 20 unterschiedlichen Alkaloide in den Bl\u00e4ttern erkl\u00e4ren. Es gibt dutzende von verschiedenen Kratomarten in [&hellip;]<\/p>\n","protected":false},"author":1,"featured_media":0,"parent":0,"menu_order":0,"comment_status":"closed","ping_status":"closed","template":"","meta":{"_monsterinsights_skip_tracking":false,"_monsterinsights_sitenote_active":false,"_monsterinsights_sitenote_note":"","_monsterinsights_sitenote_category":0,"_genesis_hide_title":false,"_genesis_hide_breadcrumbs":false,"_genesis_hide_singular_image":false,"_genesis_hide_footer_widgets":false,"_genesis_custom_body_class":"","_genesis_custom_post_class":"","_genesis_layout":"","footnotes":""},"class_list":{"0":"post-7","1":"page","2":"type-page","3":"status-publish","5":"entry"},"yoast_head":"<!-- This site is optimized with the Yoast SEO plugin v27.5 - https:\/\/yoast.com\/product\/yoast-seo-wordpress\/ -->\n<title>Kratom Effekte - Kratomherbal.com\/de<\/title>\n<meta name=\"robots\" content=\"index, follow, max-snippet:-1, max-image-preview:large, max-video-preview:-1\" \/>\n<link rel=\"canonical\" href=\"https:\/\/kratomherbal.com\/de\/kratom-effekte\/\" \/>\n<meta property=\"og:locale\" content=\"en_US\" \/>\n<meta property=\"og:type\" content=\"article\" \/>\n<meta property=\"og:title\" content=\"Kratom Effekte - Kratomherbal.com\/de\" \/>\n<meta property=\"og:description\" content=\"Kratom ist eine einzigartige und besondere Pflanze, da sie in geringer Dosierung genommen (unter 5 Gramm) einen stimulierenden Effekt hat, w\u00e4hrend eine hohe Dosis (5-15 Gramm) dazu f\u00fchrt, dass K\u00f6rper und Geist beruhigt werden. Das l\u00e4sst sich durch die mehr als 20 unterschiedlichen Alkaloide in den Bl\u00e4ttern erkl\u00e4ren. Es gibt dutzende von verschiedenen Kratomarten in [&hellip;]\" \/>\n<meta property=\"og:url\" content=\"https:\/\/kratomherbal.com\/de\/kratom-effekte\/\" \/>\n<meta property=\"og:site_name\" content=\"Kratomherbal.com\/de\" \/>\n<meta property=\"article:modified_time\" content=\"2015-10-09T14:15:25+00:00\" \/>\n<meta name=\"twitter:card\" content=\"summary_large_image\" \/>\n<meta name=\"twitter:label1\" content=\"Est. reading time\" \/>\n\t<meta name=\"twitter:data1\" content=\"2 minutes\" \/>\n<script type=\"application\/ld+json\" class=\"yoast-schema-graph\">{\"@context\":\"https:\\\/\\\/schema.org\",\"@graph\":[{\"@type\":\"WebPage\",\"@id\":\"https:\\\/\\\/kratomherbal.com\\\/de\\\/kratom-effekte\\\/\",\"url\":\"https:\\\/\\\/kratomherbal.com\\\/de\\\/kratom-effekte\\\/\",\"name\":\"Kratom Effekte - Kratomherbal.com\\\/de\",\"isPartOf\":{\"@id\":\"https:\\\/\\\/kratomherbal.com\\\/de\\\/#website\"},\"datePublished\":\"2015-10-09T12:32:54+00:00\",\"dateModified\":\"2015-10-09T14:15:25+00:00\",\"breadcrumb\":{\"@id\":\"https:\\\/\\\/kratomherbal.com\\\/de\\\/kratom-effekte\\\/#breadcrumb\"},\"inLanguage\":\"en-US\",\"potentialAction\":[{\"@type\":\"ReadAction\",\"target\":[\"https:\\\/\\\/kratomherbal.com\\\/de\\\/kratom-effekte\\\/\"]}]},{\"@type\":\"BreadcrumbList\",\"@id\":\"https:\\\/\\\/kratomherbal.com\\\/de\\\/kratom-effekte\\\/#breadcrumb\",\"itemListElement\":[{\"@type\":\"ListItem\",\"position\":1,\"name\":\"Home\",\"item\":\"https:\\\/\\\/kratomherbal.com\\\/de\\\/\"},{\"@type\":\"ListItem\",\"position\":2,\"name\":\"Kratom Effekte\"}]},{\"@type\":\"WebSite\",\"@id\":\"https:\\\/\\\/kratomherbal.com\\\/de\\\/#website\",\"url\":\"https:\\\/\\\/kratomherbal.com\\\/de\\\/\",\"name\":\"Kratomherbal.com\\\/de\",\"description\":\"Kratom Mitragyna Speciosa\",\"potentialAction\":[{\"@type\":\"SearchAction\",\"target\":{\"@type\":\"EntryPoint\",\"urlTemplate\":\"https:\\\/\\\/kratomherbal.com\\\/de\\\/?s={search_term_string}\"},\"query-input\":{\"@type\":\"PropertyValueSpecification\",\"valueRequired\":true,\"valueName\":\"search_term_string\"}}],\"inLanguage\":\"en-US\"}]}<\/script>\n<!-- \/ Yoast SEO plugin. -->","yoast_head_json":{"title":"Kratom Effekte - Kratomherbal.com\/de","robots":{"index":"index","follow":"follow","max-snippet":"max-snippet:-1","max-image-preview":"max-image-preview:large","max-video-preview":"max-video-preview:-1"},"canonical":"https:\/\/kratomherbal.com\/de\/kratom-effekte\/","og_locale":"en_US","og_type":"article","og_title":"Kratom Effekte - Kratomherbal.com\/de","og_description":"Kratom ist eine einzigartige und besondere Pflanze, da sie in geringer Dosierung genommen (unter 5 Gramm) einen stimulierenden Effekt hat, w\u00e4hrend eine hohe Dosis (5-15 Gramm) dazu f\u00fchrt, dass K\u00f6rper und Geist beruhigt werden. Das l\u00e4sst sich durch die mehr als 20 unterschiedlichen Alkaloide in den Bl\u00e4ttern erkl\u00e4ren. Es gibt dutzende von verschiedenen Kratomarten in [&hellip;]","og_url":"https:\/\/kratomherbal.com\/de\/kratom-effekte\/","og_site_name":"Kratomherbal.com\/de","article_modified_time":"2015-10-09T14:15:25+00:00","twitter_card":"summary_large_image","twitter_misc":{"Est. reading time":"2 minutes"},"schema":{"@context":"https:\/\/schema.org","@graph":[{"@type":"WebPage","@id":"https:\/\/kratomherbal.com\/de\/kratom-effekte\/","url":"https:\/\/kratomherbal.com\/de\/kratom-effekte\/","name":"Kratom Effekte - Kratomherbal.com\/de","isPartOf":{"@id":"https:\/\/kratomherbal.com\/de\/#website"},"datePublished":"2015-10-09T12:32:54+00:00","dateModified":"2015-10-09T14:15:25+00:00","breadcrumb":{"@id":"https:\/\/kratomherbal.com\/de\/kratom-effekte\/#breadcrumb"},"inLanguage":"en-US","potentialAction":[{"@type":"ReadAction","target":["https:\/\/kratomherbal.com\/de\/kratom-effekte\/"]}]},{"@type":"BreadcrumbList","@id":"https:\/\/kratomherbal.com\/de\/kratom-effekte\/#breadcrumb","itemListElement":[{"@type":"ListItem","position":1,"name":"Home","item":"https:\/\/kratomherbal.com\/de\/"},{"@type":"ListItem","position":2,"name":"Kratom Effekte"}]},{"@type":"WebSite","@id":"https:\/\/kratomherbal.com\/de\/#website","url":"https:\/\/kratomherbal.com\/de\/","name":"Kratomherbal.com\/de","description":"Kratom Mitragyna Speciosa","potentialAction":[{"@type":"SearchAction","target":{"@type":"EntryPoint","urlTemplate":"https:\/\/kratomherbal.com\/de\/?s={search_term_string}"},"query-input":{"@type":"PropertyValueSpecification","valueRequired":true,"valueName":"search_term_string"}}],"inLanguage":"en-US"}]}},"_links":{"self":[{"href":"https:\/\/kratomherbal.com\/de\/wp-json\/wp\/v2\/pages\/7","targetHints":{"allow":["GET"]}}],"collection":[{"href":"https:\/\/kratomherbal.com\/de\/wp-json\/wp\/v2\/pages"}],"about":[{"href":"https:\/\/kratomherbal.com\/de\/wp-json\/wp\/v2\/types\/page"}],"author":[{"embeddable":true,"href":"https:\/\/kratomherbal.com\/de\/wp-json\/wp\/v2\/users\/1"}],"replies":[{"embeddable":true,"href":"https:\/\/kratomherbal.com\/de\/wp-json\/wp\/v2\/comments?post=7"}],"version-history":[{"count":1,"href":"https:\/\/kratomherbal.com\/de\/wp-json\/wp\/v2\/pages\/7\/revisions"}],"predecessor-version":[{"id":47,"href":"https:\/\/kratomherbal.com\/de\/wp-json\/wp\/v2\/pages\/7\/revisions\/47"}],"wp:attachment":[{"href":"https:\/\/kratomherbal.com\/de\/wp-json\/wp\/v2\/media?parent=7"}],"curies":[{"name":"wp","href":"https:\/\/api.w.org\/{rel}","templated":true}]}}