{"id":5,"date":"2015-10-09T12:29:09","date_gmt":"2015-10-09T12:29:09","guid":{"rendered":"http:\/\/kratomherbal.com\/de\/?page_id=5"},"modified":"2015-11-29T12:27:34","modified_gmt":"2015-11-29T11:27:34","slug":"was-ist-kratom","status":"publish","type":"page","link":"https:\/\/kratomherbal.com\/de\/","title":{"rendered":"Was ist Kratom?"},"content":{"rendered":"<p><a href=\"https:\/\/www.kratomgardens.com\/de\">Kratom (Mitragyna Speciosa)<\/a> ist ein Baum aus derselben Familie wie der Kaffeebaum (Rubiaceae). Kratom findet man in S\u00fcdostasien, \u00fcberwiegend in Thailand, Malaysia, Myanmar und Indonesien. Der biotische Name von Kratom ist: Mitragyna Speciosa. Die Pflanze wurde im 19. Jahrhundert zuerst beschrieben und aufgenommen durch den niederl\u00e4ndischen Botaniker Pieter Willem Korthals.<\/p>\n<p>Kratombl\u00e4tter werden traditionell als Medizin von den Leuten in S\u00fcdostasien verwendet. Kratom wird in der traditionellen Medizin f\u00fcr seine stimulierenden und beruhigenden Effekte verwendet.<\/p>\n<p>Kratom in geringer Dosis wirkt als Aufputschmittel, w\u00e4hrend h\u00f6here Dosierungen einen beruhigenden Effekt haben. In der ganzen Welt wird Kratom als Medikament verwendet, das der Erholung dient, ein nat\u00fcrlicher Schmerzkiller, ein Medikament gegen Durchfall und um Sucht zu behandeln<\/p>\n","protected":false},"excerpt":{"rendered":"<p>Kratom (Mitragyna Speciosa) ist ein Baum aus derselben Familie wie der Kaffeebaum (Rubiaceae). Kratom findet man in S\u00fcdostasien, \u00fcberwiegend in Thailand, Malaysia, Myanmar und Indonesien. Der biotische Name von Kratom ist: Mitragyna Speciosa. Die Pflanze wurde im 19. Jahrhundert zuerst beschrieben und aufgenommen durch den niederl\u00e4ndischen Botaniker Pieter Willem Korthals. Kratombl\u00e4tter werden traditionell als Medizin [&hellip;]<\/p>\n","protected":false},"author":1,"featured_media":0,"parent":0,"menu_order":0,"comment_status":"closed","ping_status":"closed","template":"","meta":{"_monsterinsights_skip_tracking":false,"_monsterinsights_sitenote_active":false,"_monsterinsights_sitenote_note":"","_monsterinsights_sitenote_category":0,"_genesis_hide_title":false,"_genesis_hide_breadcrumbs":false,"_genesis_hide_singular_image":false,"_genesis_hide_footer_widgets":false,"_genesis_custom_body_class":"","_genesis_custom_post_class":"","_genesis_layout":"","footnotes":""},"class_list":{"0":"post-5","1":"page","2":"type-page","3":"status-publish","5":"entry"},"yoast_head":"<!-- This site is optimized with the Yoast SEO plugin v27.4 - https:\/\/yoast.com\/product\/yoast-seo-wordpress\/ -->\n<title>Was ist Kratom? - Kratomherbal.com\/de<\/title>\n<meta name=\"robots\" content=\"index, follow, max-snippet:-1, max-image-preview:large, max-video-preview:-1\" \/>\n<link rel=\"canonical\" href=\"https:\/\/kratomherbal.com\/de\/\" \/>\n<meta property=\"og:locale\" content=\"en_US\" \/>\n<meta property=\"og:type\" content=\"article\" \/>\n<meta property=\"og:title\" content=\"Was ist Kratom? - Kratomherbal.com\/de\" \/>\n<meta property=\"og:description\" content=\"Kratom (Mitragyna Speciosa) ist ein Baum aus derselben Familie wie der Kaffeebaum (Rubiaceae). Kratom findet man in S\u00fcdostasien, \u00fcberwiegend in Thailand, Malaysia, Myanmar und Indonesien. Der biotische Name von Kratom ist: Mitragyna Speciosa. Die Pflanze wurde im 19. Jahrhundert zuerst beschrieben und aufgenommen durch den niederl\u00e4ndischen Botaniker Pieter Willem Korthals. Kratombl\u00e4tter werden traditionell als Medizin [&hellip;]\" \/>\n<meta property=\"og:url\" content=\"https:\/\/kratomherbal.com\/de\/\" \/>\n<meta property=\"og:site_name\" content=\"Kratomherbal.com\/de\" \/>\n<meta property=\"article:modified_time\" content=\"2015-11-29T11:27:34+00:00\" \/>\n<meta name=\"twitter:card\" content=\"summary_large_image\" \/>\n<meta name=\"twitter:label1\" content=\"Est. reading time\" \/>\n\t<meta name=\"twitter:data1\" content=\"1 minute\" \/>\n<script type=\"application\/ld+json\" class=\"yoast-schema-graph\">{\"@context\":\"https:\\\/\\\/schema.org\",\"@graph\":[{\"@type\":\"WebPage\",\"@id\":\"https:\\\/\\\/kratomherbal.com\\\/de\\\/\",\"url\":\"https:\\\/\\\/kratomherbal.com\\\/de\\\/\",\"name\":\"Was ist Kratom? - Kratomherbal.com\\\/de\",\"isPartOf\":{\"@id\":\"https:\\\/\\\/kratomherbal.com\\\/de\\\/#website\"},\"datePublished\":\"2015-10-09T12:29:09+00:00\",\"dateModified\":\"2015-11-29T11:27:34+00:00\",\"breadcrumb\":{\"@id\":\"https:\\\/\\\/kratomherbal.com\\\/de\\\/#breadcrumb\"},\"inLanguage\":\"en-US\",\"potentialAction\":[{\"@type\":\"ReadAction\",\"target\":[\"https:\\\/\\\/kratomherbal.com\\\/de\\\/\"]}]},{\"@type\":\"BreadcrumbList\",\"@id\":\"https:\\\/\\\/kratomherbal.com\\\/de\\\/#breadcrumb\",\"itemListElement\":[{\"@type\":\"ListItem\",\"position\":1,\"name\":\"Home\",\"item\":\"https:\\\/\\\/kratomherbal.com\\\/de\\\/\"},{\"@type\":\"ListItem\",\"position\":2,\"name\":\"Was ist Kratom?\"}]},{\"@type\":\"WebSite\",\"@id\":\"https:\\\/\\\/kratomherbal.com\\\/de\\\/#website\",\"url\":\"https:\\\/\\\/kratomherbal.com\\\/de\\\/\",\"name\":\"Kratomherbal.com\\\/de\",\"description\":\"Kratom Mitragyna Speciosa\",\"potentialAction\":[{\"@type\":\"SearchAction\",\"target\":{\"@type\":\"EntryPoint\",\"urlTemplate\":\"https:\\\/\\\/kratomherbal.com\\\/de\\\/?s={search_term_string}\"},\"query-input\":{\"@type\":\"PropertyValueSpecification\",\"valueRequired\":true,\"valueName\":\"search_term_string\"}}],\"inLanguage\":\"en-US\"}]}<\/script>\n<!-- \/ Yoast SEO plugin. -->","yoast_head_json":{"title":"Was ist Kratom? - Kratomherbal.com\/de","robots":{"index":"index","follow":"follow","max-snippet":"max-snippet:-1","max-image-preview":"max-image-preview:large","max-video-preview":"max-video-preview:-1"},"canonical":"https:\/\/kratomherbal.com\/de\/","og_locale":"en_US","og_type":"article","og_title":"Was ist Kratom? - Kratomherbal.com\/de","og_description":"Kratom (Mitragyna Speciosa) ist ein Baum aus derselben Familie wie der Kaffeebaum (Rubiaceae). Kratom findet man in S\u00fcdostasien, \u00fcberwiegend in Thailand, Malaysia, Myanmar und Indonesien. Der biotische Name von Kratom ist: Mitragyna Speciosa. Die Pflanze wurde im 19. Jahrhundert zuerst beschrieben und aufgenommen durch den niederl\u00e4ndischen Botaniker Pieter Willem Korthals. Kratombl\u00e4tter werden traditionell als Medizin [&hellip;]","og_url":"https:\/\/kratomherbal.com\/de\/","og_site_name":"Kratomherbal.com\/de","article_modified_time":"2015-11-29T11:27:34+00:00","twitter_card":"summary_large_image","twitter_misc":{"Est. reading time":"1 minute"},"schema":{"@context":"https:\/\/schema.org","@graph":[{"@type":"WebPage","@id":"https:\/\/kratomherbal.com\/de\/","url":"https:\/\/kratomherbal.com\/de\/","name":"Was ist Kratom? - Kratomherbal.com\/de","isPartOf":{"@id":"https:\/\/kratomherbal.com\/de\/#website"},"datePublished":"2015-10-09T12:29:09+00:00","dateModified":"2015-11-29T11:27:34+00:00","breadcrumb":{"@id":"https:\/\/kratomherbal.com\/de\/#breadcrumb"},"inLanguage":"en-US","potentialAction":[{"@type":"ReadAction","target":["https:\/\/kratomherbal.com\/de\/"]}]},{"@type":"BreadcrumbList","@id":"https:\/\/kratomherbal.com\/de\/#breadcrumb","itemListElement":[{"@type":"ListItem","position":1,"name":"Home","item":"https:\/\/kratomherbal.com\/de\/"},{"@type":"ListItem","position":2,"name":"Was ist Kratom?"}]},{"@type":"WebSite","@id":"https:\/\/kratomherbal.com\/de\/#website","url":"https:\/\/kratomherbal.com\/de\/","name":"Kratomherbal.com\/de","description":"Kratom Mitragyna Speciosa","potentialAction":[{"@type":"SearchAction","target":{"@type":"EntryPoint","urlTemplate":"https:\/\/kratomherbal.com\/de\/?s={search_term_string}"},"query-input":{"@type":"PropertyValueSpecification","valueRequired":true,"valueName":"search_term_string"}}],"inLanguage":"en-US"}]}},"_links":{"self":[{"href":"https:\/\/kratomherbal.com\/de\/wp-json\/wp\/v2\/pages\/5","targetHints":{"allow":["GET"]}}],"collection":[{"href":"https:\/\/kratomherbal.com\/de\/wp-json\/wp\/v2\/pages"}],"about":[{"href":"https:\/\/kratomherbal.com\/de\/wp-json\/wp\/v2\/types\/page"}],"author":[{"embeddable":true,"href":"https:\/\/kratomherbal.com\/de\/wp-json\/wp\/v2\/users\/1"}],"replies":[{"embeddable":true,"href":"https:\/\/kratomherbal.com\/de\/wp-json\/wp\/v2\/comments?post=5"}],"version-history":[{"count":1,"href":"https:\/\/kratomherbal.com\/de\/wp-json\/wp\/v2\/pages\/5\/revisions"}],"predecessor-version":[{"id":50,"href":"https:\/\/kratomherbal.com\/de\/wp-json\/wp\/v2\/pages\/5\/revisions\/50"}],"wp:attachment":[{"href":"https:\/\/kratomherbal.com\/de\/wp-json\/wp\/v2\/media?parent=5"}],"curies":[{"name":"wp","href":"https:\/\/api.w.org\/{rel}","templated":true}]}}