{"id":15,"date":"2015-10-09T13:02:43","date_gmt":"2015-10-09T13:02:43","guid":{"rendered":"http:\/\/kratomherbal.com\/de\/?page_id=15"},"modified":"2015-10-09T13:02:43","modified_gmt":"2015-10-09T13:02:43","slug":"kratom-einnahme-dosierung","status":"publish","type":"page","link":"https:\/\/kratomherbal.com\/de\/kratom-einnahme-dosierung\/","title":{"rendered":"Kratom: Wie anzuwenden?"},"content":{"rendered":"<p>Kratombl\u00e4tter sind ziemlich schwer zu kauen. F\u00fcr gew\u00f6hnlich sind sie gemahlen oder zu Puder verarbeitet, damit man sie leicht einnehmen kann.<\/p>\n<p>Kratom schmeckt im allgemeinen sehr bitter und ist deswegen unangenehm, wenn es pur eingenommen wird.<\/p>\n<p>Die folgenden Methoden beschreiben, wie Kratom am besten eingenommen werden kann.<\/p>\n<h2>Mit Saft vermischt<\/h2>\n<p>Kratom mit ein bisschen Saft zu mischen \u00fcberdeckt den Geschmack leicht und macht das Schlucken einfacher. Das ist der einfachste und effektivste Weg, Kratom einzunehmen. Die meisten Menschen mischen Kratompulver in eine Flasche mit Fruchtsaft. Sch\u00fctteln Sie oder r\u00fchren sie so lange bis das Puder sich komplett aufgel\u00f6st hat, und trinken Sie es schnell.<br \/>\nKratompulver funktioniert auch gro\u00dfartig mit Milch, Schokoladenmilch oder sogar einem Proteinshake.<\/p>\n<h2>Kratom Tee<\/h2>\n<p>Kratompulver und zerkleinertes Kratom kann als Tee getrunken werden. Das ist die Methode, die in Europa und Nordamerika am meisten verwendet wird.<br \/>\nEinige Kratomenthusiasten kombinieren Kratom mit regul\u00e4rem Tee und\/oder andere Kr\u00e4utern. Sie machen das, um den Geschmack angenehmen zu gestalten. Zucker und Honig k\u00f6nnen f\u00fcr einen s\u00fc\u00dferen Geschmack hinzugef\u00fcgt werden.<br \/>\nKratomtee schmeckt \u00e4hnlich wie \u201anormaler\u2019 Gr\u00fcntee.<\/p>\n<h2>Kratom Kapseln<\/h2>\n<p>Kratomkapseln k\u00f6nnen geschluckt oder in hei\u00dfem Wasser aufgel\u00f6st werden, um als Tee getrunken zu werden. Kratomkapseln sind sehr praktisch, um in vorher abgewogenen Mengen eingenommen zu werden.<\/p>\n<h2>Kratom Rauchen<\/h2>\n<p>Es ist m\u00f6glich, Kratom zu rauchen, aber das hat kein besseres\/anderes Ergebnis als es als Saft, Milch oder Tee zu trinken. Des Weiteren ist die Menge des Kratoms, das f\u00fcr eine normale Dosis (5 Gramm) ben\u00f6tigt wird sehr hoch f\u00fcr eine regul\u00e4re Zigarette oder einen Joint.<br \/>\nIm allgemeinen werden nur die oben beschriebenen Methoden verwendet, um Kratom einzunehmen.<\/p>\n<h2>Kratom Schnupfen<\/h2>\n<p>Kratom kann nicht und sollte auch nicht geschnupft werden.<\/p>\n","protected":false},"excerpt":{"rendered":"<p>Kratombl\u00e4tter sind ziemlich schwer zu kauen. F\u00fcr gew\u00f6hnlich sind sie gemahlen oder zu Puder verarbeitet, damit man sie leicht einnehmen kann. Kratom schmeckt im allgemeinen sehr bitter und ist deswegen unangenehm, wenn es pur eingenommen wird. Die folgenden Methoden beschreiben, wie Kratom am besten eingenommen werden kann. Mit Saft vermischt Kratom mit ein bisschen Saft [&hellip;]<\/p>\n","protected":false},"author":1,"featured_media":0,"parent":0,"menu_order":0,"comment_status":"closed","ping_status":"closed","template":"","meta":{"_monsterinsights_skip_tracking":false,"_monsterinsights_sitenote_active":false,"_monsterinsights_sitenote_note":"","_monsterinsights_sitenote_category":0,"_genesis_hide_title":false,"_genesis_hide_breadcrumbs":false,"_genesis_hide_singular_image":false,"_genesis_hide_footer_widgets":false,"_genesis_custom_body_class":"","_genesis_custom_post_class":"","_genesis_layout":"","footnotes":""},"class_list":{"0":"post-15","1":"page","2":"type-page","3":"status-publish","5":"entry"},"yoast_head":"<!-- This site is optimized with the Yoast SEO plugin v27.5 - https:\/\/yoast.com\/product\/yoast-seo-wordpress\/ -->\n<title>Kratom: Wie anzuwenden? - Kratomherbal.com\/de<\/title>\n<meta name=\"robots\" content=\"index, follow, max-snippet:-1, max-image-preview:large, max-video-preview:-1\" \/>\n<link rel=\"canonical\" href=\"https:\/\/kratomherbal.com\/de\/kratom-einnahme-dosierung\/\" \/>\n<meta property=\"og:locale\" content=\"en_US\" \/>\n<meta property=\"og:type\" content=\"article\" \/>\n<meta property=\"og:title\" content=\"Kratom: Wie anzuwenden? - Kratomherbal.com\/de\" \/>\n<meta property=\"og:description\" content=\"Kratombl\u00e4tter sind ziemlich schwer zu kauen. F\u00fcr gew\u00f6hnlich sind sie gemahlen oder zu Puder verarbeitet, damit man sie leicht einnehmen kann. Kratom schmeckt im allgemeinen sehr bitter und ist deswegen unangenehm, wenn es pur eingenommen wird. Die folgenden Methoden beschreiben, wie Kratom am besten eingenommen werden kann. Mit Saft vermischt Kratom mit ein bisschen Saft [&hellip;]\" \/>\n<meta property=\"og:url\" content=\"https:\/\/kratomherbal.com\/de\/kratom-einnahme-dosierung\/\" \/>\n<meta property=\"og:site_name\" content=\"Kratomherbal.com\/de\" \/>\n<meta name=\"twitter:card\" content=\"summary_large_image\" \/>\n<meta name=\"twitter:label1\" content=\"Est. reading time\" \/>\n\t<meta name=\"twitter:data1\" content=\"1 minute\" \/>\n<script type=\"application\/ld+json\" class=\"yoast-schema-graph\">{\"@context\":\"https:\\\/\\\/schema.org\",\"@graph\":[{\"@type\":\"WebPage\",\"@id\":\"https:\\\/\\\/kratomherbal.com\\\/de\\\/kratom-einnahme-dosierung\\\/\",\"url\":\"https:\\\/\\\/kratomherbal.com\\\/de\\\/kratom-einnahme-dosierung\\\/\",\"name\":\"Kratom: Wie anzuwenden? - Kratomherbal.com\\\/de\",\"isPartOf\":{\"@id\":\"https:\\\/\\\/kratomherbal.com\\\/de\\\/#website\"},\"datePublished\":\"2015-10-09T13:02:43+00:00\",\"breadcrumb\":{\"@id\":\"https:\\\/\\\/kratomherbal.com\\\/de\\\/kratom-einnahme-dosierung\\\/#breadcrumb\"},\"inLanguage\":\"en-US\",\"potentialAction\":[{\"@type\":\"ReadAction\",\"target\":[\"https:\\\/\\\/kratomherbal.com\\\/de\\\/kratom-einnahme-dosierung\\\/\"]}]},{\"@type\":\"BreadcrumbList\",\"@id\":\"https:\\\/\\\/kratomherbal.com\\\/de\\\/kratom-einnahme-dosierung\\\/#breadcrumb\",\"itemListElement\":[{\"@type\":\"ListItem\",\"position\":1,\"name\":\"Home\",\"item\":\"https:\\\/\\\/kratomherbal.com\\\/de\\\/\"},{\"@type\":\"ListItem\",\"position\":2,\"name\":\"Kratom: Wie anzuwenden?\"}]},{\"@type\":\"WebSite\",\"@id\":\"https:\\\/\\\/kratomherbal.com\\\/de\\\/#website\",\"url\":\"https:\\\/\\\/kratomherbal.com\\\/de\\\/\",\"name\":\"Kratomherbal.com\\\/de\",\"description\":\"Kratom Mitragyna Speciosa\",\"potentialAction\":[{\"@type\":\"SearchAction\",\"target\":{\"@type\":\"EntryPoint\",\"urlTemplate\":\"https:\\\/\\\/kratomherbal.com\\\/de\\\/?s={search_term_string}\"},\"query-input\":{\"@type\":\"PropertyValueSpecification\",\"valueRequired\":true,\"valueName\":\"search_term_string\"}}],\"inLanguage\":\"en-US\"}]}<\/script>\n<!-- \/ Yoast SEO plugin. -->","yoast_head_json":{"title":"Kratom: Wie anzuwenden? - Kratomherbal.com\/de","robots":{"index":"index","follow":"follow","max-snippet":"max-snippet:-1","max-image-preview":"max-image-preview:large","max-video-preview":"max-video-preview:-1"},"canonical":"https:\/\/kratomherbal.com\/de\/kratom-einnahme-dosierung\/","og_locale":"en_US","og_type":"article","og_title":"Kratom: Wie anzuwenden? - Kratomherbal.com\/de","og_description":"Kratombl\u00e4tter sind ziemlich schwer zu kauen. F\u00fcr gew\u00f6hnlich sind sie gemahlen oder zu Puder verarbeitet, damit man sie leicht einnehmen kann. Kratom schmeckt im allgemeinen sehr bitter und ist deswegen unangenehm, wenn es pur eingenommen wird. Die folgenden Methoden beschreiben, wie Kratom am besten eingenommen werden kann. Mit Saft vermischt Kratom mit ein bisschen Saft [&hellip;]","og_url":"https:\/\/kratomherbal.com\/de\/kratom-einnahme-dosierung\/","og_site_name":"Kratomherbal.com\/de","twitter_card":"summary_large_image","twitter_misc":{"Est. reading time":"1 minute"},"schema":{"@context":"https:\/\/schema.org","@graph":[{"@type":"WebPage","@id":"https:\/\/kratomherbal.com\/de\/kratom-einnahme-dosierung\/","url":"https:\/\/kratomherbal.com\/de\/kratom-einnahme-dosierung\/","name":"Kratom: Wie anzuwenden? - Kratomherbal.com\/de","isPartOf":{"@id":"https:\/\/kratomherbal.com\/de\/#website"},"datePublished":"2015-10-09T13:02:43+00:00","breadcrumb":{"@id":"https:\/\/kratomherbal.com\/de\/kratom-einnahme-dosierung\/#breadcrumb"},"inLanguage":"en-US","potentialAction":[{"@type":"ReadAction","target":["https:\/\/kratomherbal.com\/de\/kratom-einnahme-dosierung\/"]}]},{"@type":"BreadcrumbList","@id":"https:\/\/kratomherbal.com\/de\/kratom-einnahme-dosierung\/#breadcrumb","itemListElement":[{"@type":"ListItem","position":1,"name":"Home","item":"https:\/\/kratomherbal.com\/de\/"},{"@type":"ListItem","position":2,"name":"Kratom: Wie anzuwenden?"}]},{"@type":"WebSite","@id":"https:\/\/kratomherbal.com\/de\/#website","url":"https:\/\/kratomherbal.com\/de\/","name":"Kratomherbal.com\/de","description":"Kratom Mitragyna Speciosa","potentialAction":[{"@type":"SearchAction","target":{"@type":"EntryPoint","urlTemplate":"https:\/\/kratomherbal.com\/de\/?s={search_term_string}"},"query-input":{"@type":"PropertyValueSpecification","valueRequired":true,"valueName":"search_term_string"}}],"inLanguage":"en-US"}]}},"_links":{"self":[{"href":"https:\/\/kratomherbal.com\/de\/wp-json\/wp\/v2\/pages\/15","targetHints":{"allow":["GET"]}}],"collection":[{"href":"https:\/\/kratomherbal.com\/de\/wp-json\/wp\/v2\/pages"}],"about":[{"href":"https:\/\/kratomherbal.com\/de\/wp-json\/wp\/v2\/types\/page"}],"author":[{"embeddable":true,"href":"https:\/\/kratomherbal.com\/de\/wp-json\/wp\/v2\/users\/1"}],"replies":[{"embeddable":true,"href":"https:\/\/kratomherbal.com\/de\/wp-json\/wp\/v2\/comments?post=15"}],"version-history":[{"count":1,"href":"https:\/\/kratomherbal.com\/de\/wp-json\/wp\/v2\/pages\/15\/revisions"}],"predecessor-version":[{"id":16,"href":"https:\/\/kratomherbal.com\/de\/wp-json\/wp\/v2\/pages\/15\/revisions\/16"}],"wp:attachment":[{"href":"https:\/\/kratomherbal.com\/de\/wp-json\/wp\/v2\/media?parent=15"}],"curies":[{"name":"wp","href":"https:\/\/api.w.org\/{rel}","templated":true}]}}